{"id":180,"date":"2024-09-24T10:47:38","date_gmt":"2024-09-24T13:47:38","guid":{"rendered":"https:\/\/drfortunatoborges.com.br\/?page_id=180"},"modified":"2024-09-26T08:18:05","modified_gmt":"2024-09-26T11:18:05","slug":"blog","status":"publish","type":"page","link":"https:\/\/drfortunatoborges.com.br\/?page_id=180","title":{"rendered":"Blog"},"content":{"rendered":"\t\t<div data-elementor-type=\"wp-page\" data-elementor-id=\"180\" class=\"elementor elementor-180\" data-elementor-post-type=\"page\">\n\t\t\t\t<div data-particle_enable=\"false\" data-particle-mobile-disabled=\"false\" class=\"elementor-element elementor-element-22b0bf6 e-flex e-con-boxed e-con e-parent\" data-id=\"22b0bf6\" data-element_type=\"container\">\n\t\t\t\t\t<div class=\"e-con-inner\">\n\t\t\t\t<div class=\"elementor-element elementor-element-2225196 elementor-widget elementor-widget-heading\" data-id=\"2225196\" data-element_type=\"widget\" data-widget_type=\"heading.default\">\n\t\t\t\t<div class=\"elementor-widget-container\">\n\t\t\t<h2 class=\"elementor-heading-title elementor-size-default\"><b>Blog<\/b><\/h2>\t\t<\/div>\n\t\t\t\t<\/div>\n\t\t\t\t<div class=\"elementor-element elementor-element-9a015c0 elementor-grid-3 elementor-grid-tablet-2 elementor-grid-mobile-1 elementor-posts--thumbnail-top elementor-card-shadow-yes elementor-posts__hover-gradient elementor-widget elementor-widget-posts\" data-id=\"9a015c0\" data-element_type=\"widget\" data-settings=\"{&quot;cards_columns&quot;:&quot;3&quot;,&quot;cards_columns_tablet&quot;:&quot;2&quot;,&quot;cards_columns_mobile&quot;:&quot;1&quot;,&quot;cards_row_gap&quot;:{&quot;unit&quot;:&quot;px&quot;,&quot;size&quot;:35,&quot;sizes&quot;:[]},&quot;cards_row_gap_tablet&quot;:{&quot;unit&quot;:&quot;px&quot;,&quot;size&quot;:&quot;&quot;,&quot;sizes&quot;:[]},&quot;cards_row_gap_mobile&quot;:{&quot;unit&quot;:&quot;px&quot;,&quot;size&quot;:&quot;&quot;,&quot;sizes&quot;:[]}}\" data-widget_type=\"posts.cards\">\n\t\t\t\t<div class=\"elementor-widget-container\">\n\t\t\t\t\t<div class=\"elementor-posts-container elementor-posts elementor-posts--skin-cards elementor-grid\">\n\t\t\t\t<article class=\"elementor-post elementor-grid-item post-193 post type-post status-publish format-standard has-post-thumbnail hentry category-sem-categoria\">\n\t\t\t<div class=\"elementor-post__card\">\n\t\t\t\t<a class=\"elementor-post__thumbnail__link\" href=\"https:\/\/drfortunatoborges.com.br\/?p=193\" tabindex=\"-1\" ><div class=\"elementor-post__thumbnail\"><img fetchpriority=\"high\" decoding=\"async\" width=\"300\" height=\"210\" src=\"https:\/\/drfortunatoborges.com.br\/wp-content\/uploads\/2024\/09\/4-Sintomas-para-Reconhecer-um-AVC-300x210.jpg\" class=\"attachment-medium size-medium wp-image-194\" alt=\"\" srcset=\"https:\/\/drfortunatoborges.com.br\/wp-content\/uploads\/2024\/09\/4-Sintomas-para-Reconhecer-um-AVC-300x210.jpg 300w, https:\/\/drfortunatoborges.com.br\/wp-content\/uploads\/2024\/09\/4-Sintomas-para-Reconhecer-um-AVC.jpg 600w\" sizes=\"(max-width: 300px) 100vw, 300px\" \/><\/div><\/a>\n\t\t\t\t<div class=\"elementor-post__text\">\n\t\t\t\t<h3 class=\"elementor-post__title\">\n\t\t\t<a href=\"https:\/\/drfortunatoborges.com.br\/?p=193\" >\n\t\t\t\t4 Sintomas para Reconhecer um AVC\t\t\t<\/a>\n\t\t<\/h3>\n\t\t\t\t<div class=\"elementor-post__excerpt\">\n\t\t\t<p>O Acidente Vascular Cerebral (AVC) \u00e9 uma emerg\u00eancia m\u00e9dica e identificar seus sintomas rapidamente pode salvar vidas. O tratamento precoce \u00e9 essencial para reduzir os<\/p>\n\t\t<\/div>\n\t\t\n\t\t<a class=\"elementor-post__read-more\" href=\"https:\/\/drfortunatoborges.com.br\/?p=193\" aria-label=\"Read more about 4 Sintomas para Reconhecer um AVC\" tabindex=\"-1\" >\n\t\t\tLeia mais \u00bb\t\t<\/a>\n\n\t\t\t\t<\/div>\n\t\t\t\t<div class=\"elementor-post__meta-data\">\n\t\t\t\t\t<span class=\"elementor-post-date\">\n\t\t\t24 de setembro de 2024\t\t<\/span>\n\t\t\t\t<\/div>\n\t\t\t\t\t<\/div>\n\t\t<\/article>\n\t\t\t\t<article class=\"elementor-post elementor-grid-item post-190 post type-post status-publish format-standard has-post-thumbnail hentry category-sem-categoria\">\n\t\t\t<div class=\"elementor-post__card\">\n\t\t\t\t<a class=\"elementor-post__thumbnail__link\" href=\"https:\/\/drfortunatoborges.com.br\/?p=190\" tabindex=\"-1\" ><div class=\"elementor-post__thumbnail\"><img decoding=\"async\" width=\"300\" height=\"200\" src=\"https:\/\/drfortunatoborges.com.br\/wp-content\/uploads\/2024\/09\/Impressao-19-300x200.jpg\" class=\"attachment-medium size-medium wp-image-112\" alt=\"\" srcset=\"https:\/\/drfortunatoborges.com.br\/wp-content\/uploads\/2024\/09\/Impressao-19-300x200.jpg 300w, https:\/\/drfortunatoborges.com.br\/wp-content\/uploads\/2024\/09\/Impressao-19-1024x683.jpg 1024w, https:\/\/drfortunatoborges.com.br\/wp-content\/uploads\/2024\/09\/Impressao-19-768x512.jpg 768w, https:\/\/drfortunatoborges.com.br\/wp-content\/uploads\/2024\/09\/Impressao-19-1536x1024.jpg 1536w, https:\/\/drfortunatoborges.com.br\/wp-content\/uploads\/2024\/09\/Impressao-19-2048x1365.jpg 2048w\" sizes=\"(max-width: 300px) 100vw, 300px\" \/><\/div><\/a>\n\t\t\t\t<div class=\"elementor-post__text\">\n\t\t\t\t<h3 class=\"elementor-post__title\">\n\t\t\t<a href=\"https:\/\/drfortunatoborges.com.br\/?p=190\" >\n\t\t\t\tQual a Import\u00e2ncia do Check-up Cardiol\u00f3gico?\t\t\t<\/a>\n\t\t<\/h3>\n\t\t\t\t<div class=\"elementor-post__excerpt\">\n\t\t\t<p>Cuidar do cora\u00e7\u00e3o deve ser uma prioridade para manter a sa\u00fade em dia. Segundo a Organiza\u00e7\u00e3o Mundial da Sa\u00fade (OMS), 80% das causas de doen\u00e7as<\/p>\n\t\t<\/div>\n\t\t\n\t\t<a class=\"elementor-post__read-more\" href=\"https:\/\/drfortunatoborges.com.br\/?p=190\" aria-label=\"Read more about Qual a Import\u00e2ncia do Check-up Cardiol\u00f3gico?\" tabindex=\"-1\" >\n\t\t\tLeia mais \u00bb\t\t<\/a>\n\n\t\t\t\t<\/div>\n\t\t\t\t<div class=\"elementor-post__meta-data\">\n\t\t\t\t\t<span class=\"elementor-post-date\">\n\t\t\t24 de setembro de 2024\t\t<\/span>\n\t\t\t\t<\/div>\n\t\t\t\t\t<\/div>\n\t\t<\/article>\n\t\t\t\t<article class=\"elementor-post elementor-grid-item post-187 post type-post status-publish format-standard has-post-thumbnail hentry category-sem-categoria\">\n\t\t\t<div class=\"elementor-post__card\">\n\t\t\t\t<a class=\"elementor-post__thumbnail__link\" href=\"https:\/\/drfortunatoborges.com.br\/?p=187\" tabindex=\"-1\" ><div class=\"elementor-post__thumbnail\"><img decoding=\"async\" width=\"300\" height=\"210\" src=\"https:\/\/drfortunatoborges.com.br\/wp-content\/uploads\/2024\/09\/6-principais-doencas-que-afetam-o-CORACAO-300x210.jpg\" class=\"attachment-medium size-medium wp-image-189\" alt=\"\" srcset=\"https:\/\/drfortunatoborges.com.br\/wp-content\/uploads\/2024\/09\/6-principais-doencas-que-afetam-o-CORACAO-300x210.jpg 300w, https:\/\/drfortunatoborges.com.br\/wp-content\/uploads\/2024\/09\/6-principais-doencas-que-afetam-o-CORACAO.jpg 600w\" sizes=\"(max-width: 300px) 100vw, 300px\" \/><\/div><\/a>\n\t\t\t\t<div class=\"elementor-post__text\">\n\t\t\t\t<h3 class=\"elementor-post__title\">\n\t\t\t<a href=\"https:\/\/drfortunatoborges.com.br\/?p=187\" >\n\t\t\t\tAs 6 principais doen\u00e7as que Afetam o cora\u00e7\u00e3o\t\t\t<\/a>\n\t\t<\/h3>\n\t\t\t\t<div class=\"elementor-post__excerpt\">\n\t\t\t<p>O cora\u00e7\u00e3o \u00e9 o motor do nosso corpo, e sua sa\u00fade \u00e9 fundamental para uma vida longa e equilibrada. No Brasil, cerca de 400 mil<\/p>\n\t\t<\/div>\n\t\t\n\t\t<a class=\"elementor-post__read-more\" href=\"https:\/\/drfortunatoborges.com.br\/?p=187\" aria-label=\"Read more about As 6 principais doen\u00e7as que Afetam o cora\u00e7\u00e3o\" tabindex=\"-1\" >\n\t\t\tLeia mais \u00bb\t\t<\/a>\n\n\t\t\t\t<\/div>\n\t\t\t\t<div class=\"elementor-post__meta-data\">\n\t\t\t\t\t<span class=\"elementor-post-date\">\n\t\t\t24 de setembro de 2024\t\t<\/span>\n\t\t\t\t<\/div>\n\t\t\t\t\t<\/div>\n\t\t<\/article>\n\t\t\t\t<\/div>\n\t\t\n\t\t\t\t<\/div>\n\t\t\t\t<\/div>\n\t\t\t\t\t<\/div>\n\t\t\t\t<\/div>\n\t\t\t\t<\/div>\n\t\t","protected":false},"excerpt":{"rendered":"<p>Blog<\/p>\n","protected":false},"author":1,"featured_media":0,"parent":0,"menu_order":0,"comment_status":"closed","ping_status":"closed","template":"elementor_header_footer","meta":{"footnotes":""},"class_list":["post-180","page","type-page","status-publish","hentry"],"_links":{"self":[{"href":"https:\/\/drfortunatoborges.com.br\/index.php?rest_route=\/wp\/v2\/pages\/180"}],"collection":[{"href":"https:\/\/drfortunatoborges.com.br\/index.php?rest_route=\/wp\/v2\/pages"}],"about":[{"href":"https:\/\/drfortunatoborges.com.br\/index.php?rest_route=\/wp\/v2\/types\/page"}],"author":[{"embeddable":true,"href":"https:\/\/drfortunatoborges.com.br\/index.php?rest_route=\/wp\/v2\/users\/1"}],"replies":[{"embeddable":true,"href":"https:\/\/drfortunatoborges.com.br\/index.php?rest_route=%2Fwp%2Fv2%2Fcomments&post=180"}],"version-history":[{"count":19,"href":"https:\/\/drfortunatoborges.com.br\/index.php?rest_route=\/wp\/v2\/pages\/180\/revisions"}],"predecessor-version":[{"id":342,"href":"https:\/\/drfortunatoborges.com.br\/index.php?rest_route=\/wp\/v2\/pages\/180\/revisions\/342"}],"wp:attachment":[{"href":"https:\/\/drfortunatoborges.com.br\/index.php?rest_route=%2Fwp%2Fv2%2Fmedia&parent=180"}],"curies":[{"name":"wp","href":"https:\/\/api.w.org\/{rel}","templated":true}]}}